{"id":12818,"date":"2021-02-01T12:17:50","date_gmt":"2021-02-01T12:17:50","guid":{"rendered":"https:\/\/www.avenor.ro\/transdisciplinarity\/"},"modified":"2021-02-10T08:05:49","modified_gmt":"2021-02-10T08:05:49","slug":"transdisciplinarity","status":"publish","type":"page","link":"https:\/\/www.avenor.ro\/en\/transdisciplinarity\/","title":{"rendered":"Transdisciplinarity"},"content":{"rendered":"\t\t<div data-elementor-type=\"wp-page\" data-elementor-id=\"12818\" class=\"elementor elementor-12818 elementor-7810\" data-elementor-post-type=\"page\">\n\t\t\t\t\t\t<section class=\"elementor-section elementor-top-section elementor-element elementor-element-962f024 elementor-reverse-mobile elementor-reverse-tablet elementor-section-content-middle elementor-section-boxed elementor-section-height-default elementor-section-height-default\" data-id=\"962f024\" data-element_type=\"section\" data-e-type=\"section\">\n\t\t\t\t\t\t<div class=\"elementor-container elementor-column-gap-default\">\n\t\t\t\t\t<div class=\"elementor-column elementor-col-50 elementor-top-column elementor-element elementor-element-1dd0ca3\" data-id=\"1dd0ca3\" data-element_type=\"column\" data-e-type=\"column\">\n\t\t\t<div class=\"elementor-widget-wrap elementor-element-populated\">\n\t\t\t\t\t\t<div class=\"elementor-element elementor-element-4f65e67 elementor-widget elementor-widget-heading\" data-id=\"4f65e67\" data-element_type=\"widget\" data-e-type=\"widget\" data-widget_type=\"heading.default\">\n\t\t\t\t<div class=\"elementor-widget-container\">\n\t\t\t\t\t<h2 class=\"elementor-heading-title elementor-size-default\">Transdisciplinarity<\/h2>\t\t\t\t<\/div>\n\t\t\t\t<\/div>\n\t\t\t\t<div class=\"elementor-element elementor-element-3887a23 elementor-widget-divider--view-line elementor-widget elementor-widget-divider\" data-id=\"3887a23\" data-element_type=\"widget\" data-e-type=\"widget\" data-widget_type=\"divider.default\">\n\t\t\t\t<div class=\"elementor-widget-container\">\n\t\t\t\t\t\t\t<div class=\"elementor-divider\">\n\t\t\t<span class=\"elementor-divider-separator\">\n\t\t\t\t\t\t<\/span>\n\t\t<\/div>\n\t\t\t\t\t\t<\/div>\n\t\t\t\t<\/div>\n\t\t\t\t<div class=\"elementor-element elementor-element-900ce7c elementor-widget__width-initial elementor-widget-tablet__width-initial elementor-widget elementor-widget-text-editor\" data-id=\"900ce7c\" data-element_type=\"widget\" data-e-type=\"widget\" data-widget_type=\"text-editor.default\">\n\t\t\t\t<div class=\"elementor-widget-container\">\n\t\t\t\t\t\t\t\t\t<p>The world evolves rapidly. New technology, new occupations, even new areas appear. It is likely that when they finish school, our students will have jobs that do not yet exist. At Avenor College our goal is to educate students to succeed in a future that we can now barely imagine.<\/p>\n<p>We do not only intend to produce mathematicians, physicists, IT experts, linguists etc.<strong> We also seek to develop human beings able to adapt to an ever-changing world and to use what they have learnt wherever it may be necessary for them, regardless of the field.<\/strong><\/p>\n\t\t\t\t\t\t\t\t<\/div>\n\t\t\t\t<\/div>\n\t\t\t\t\t<\/div>\n\t\t<\/div>\n\t\t\t\t<div class=\"elementor-column elementor-col-50 elementor-top-column elementor-element elementor-element-740a4bc\" data-id=\"740a4bc\" data-element_type=\"column\" data-e-type=\"column\">\n\t\t\t<div class=\"elementor-widget-wrap elementor-element-populated\">\n\t\t\t\t\t\t<div class=\"elementor-element elementor-element-bd81339 elementor-widget elementor-widget-html\" data-id=\"bd81339\" data-element_type=\"widget\" data-e-type=\"widget\" data-widget_type=\"html.default\">\n\t\t\t\t<div class=\"elementor-widget-container\">\n\t\t\t\t\t<div class=\"featured-image-with-gliphs\">\r\n    \r\n    <img decoding=\"async\" src=\"\/wp-content\/uploads\/2021\/01\/Transdisciplinaritate.jpg\" style=\"border-radius: 0 0 20px 20px\">\r\n    \r\n    <div class=\"gliph yellow-circle-stripes\" style=\"\r\n    background-color: var(--color-accent-1);\"><\/div>\r\n    \r\n    <div class=\"gliph orange-squares-grid\" style=\"\r\n    background-color: var(--color-secondary);\"><\/div>\r\n    \r\n<\/div>\r\n\t\t\t\t<\/div>\n\t\t\t\t<\/div>\n\t\t\t\t\t<\/div>\n\t\t<\/div>\n\t\t\t\t\t<\/div>\n\t\t<\/section>\n\t\t\t\t<section class=\"elementor-section elementor-top-section elementor-element elementor-element-b24570f elementor-section-content-middle elementor-section-boxed elementor-section-height-default elementor-section-height-default\" data-id=\"b24570f\" data-element_type=\"section\" data-e-type=\"section\">\n\t\t\t\t\t\t<div class=\"elementor-container elementor-column-gap-default\">\n\t\t\t\t\t<div class=\"elementor-column elementor-col-100 elementor-top-column elementor-element elementor-element-b8a44f6\" data-id=\"b8a44f6\" data-element_type=\"column\" data-e-type=\"column\">\n\t\t\t<div class=\"elementor-widget-wrap elementor-element-populated\">\n\t\t\t\t\t\t<section class=\"elementor-section elementor-inner-section elementor-element elementor-element-a65b655 elementor-section-content-middle elementor-section-boxed elementor-section-height-default elementor-section-height-default\" data-id=\"a65b655\" data-element_type=\"section\" data-e-type=\"section\">\n\t\t\t\t\t\t<div class=\"elementor-container elementor-column-gap-default\">\n\t\t\t\t\t<div class=\"elementor-column elementor-col-66 elementor-inner-column elementor-element elementor-element-3b689cf\" data-id=\"3b689cf\" data-element_type=\"column\" data-e-type=\"column\">\n\t\t\t<div class=\"elementor-widget-wrap elementor-element-populated\">\n\t\t\t\t\t\t<div class=\"elementor-element elementor-element-6a15f02 elementor-widget elementor-widget-text-editor\" data-id=\"6a15f02\" data-element_type=\"widget\" data-e-type=\"widget\" data-widget_type=\"text-editor.default\">\n\t\t\t\t<div class=\"elementor-widget-container\">\n\t\t\t\t\t\t\t\t\t<p>For this reason, our approach is trans-disciplinary and integrative. This, on the one hand, still allows students to target excellent performance in certain subjects, and on the other hand helps them to exceed their boundaries when they apply the studied elements.<\/p>\n<p>Students have experiences that secure their knowledge and exercise specific abilities in multiple areas of their application in life.<\/p>\n<p>Transdisciplinarity is supported by specific activities \u2013 school themes, monthly events, Assembly, Avenor College optional subjects and Avenor College clubs.<\/p>\n\t\t\t\t\t\t\t\t<\/div>\n\t\t\t\t<\/div>\n\t\t\t\t\t<\/div>\n\t\t<\/div>\n\t\t\t\t<div class=\"elementor-column elementor-col-33 elementor-inner-column elementor-element elementor-element-e56705f\" data-id=\"e56705f\" data-element_type=\"column\" data-e-type=\"column\">\n\t\t\t<div class=\"elementor-widget-wrap elementor-element-populated\">\n\t\t\t\t\t\t<div class=\"elementor-element elementor-element-76c81b5 elementor-hidden-phone elementor-invisible elementor-widget elementor-widget-image\" data-id=\"76c81b5\" data-element_type=\"widget\" data-e-type=\"widget\" data-settings=\"{&quot;_animation&quot;:&quot;fadeInUp&quot;}\" data-widget_type=\"image.default\">\n\t\t\t\t<div class=\"elementor-widget-container\">\n\t\t\t\t\t\t\t\t\t\t\t\t\t\t\t<img fetchpriority=\"high\" decoding=\"async\" width=\"640\" height=\"640\" src=\"https:\/\/www.avenor.ro\/wp-content\/uploads\/2020\/11\/Transdisciplinaritate-Icon.svg\" class=\"attachment-large size-large wp-image-7812\" alt=\"\" \/>\t\t\t\t\t\t\t\t\t\t\t\t\t\t\t<\/div>\n\t\t\t\t<\/div>\n\t\t\t\t\t<\/div>\n\t\t<\/div>\n\t\t\t\t\t<\/div>\n\t\t<\/section>\n\t\t\t\t<section class=\"elementor-section elementor-inner-section elementor-element elementor-element-ed3fcc6 elementor-section-boxed elementor-section-height-default elementor-section-height-default\" data-id=\"ed3fcc6\" data-element_type=\"section\" data-e-type=\"section\">\n\t\t\t\t\t\t<div class=\"elementor-container elementor-column-gap-default\">\n\t\t\t\t\t<div class=\"elementor-column elementor-col-33 elementor-inner-column elementor-element elementor-element-848094c\" data-id=\"848094c\" data-element_type=\"column\" data-e-type=\"column\">\n\t\t\t<div class=\"elementor-widget-wrap elementor-element-populated\">\n\t\t\t\t\t\t<div class=\"elementor-element elementor-element-aa59f52 elementor-widget elementor-widget-text-editor\" data-id=\"aa59f52\" data-element_type=\"widget\" data-e-type=\"widget\" data-widget_type=\"text-editor.default\">\n\t\t\t\t<div class=\"elementor-widget-container\">\n\t\t\t\t\t\t\t\t\t<p>At Avenor College, transdisciplinary (cross-curricular) classes are planned highlighting possible connections between different disciplines, based on British co-teaching system, sharing experience and best practices.<\/p>\n\t\t\t\t\t\t\t\t<\/div>\n\t\t\t\t<\/div>\n\t\t\t\t\t<\/div>\n\t\t<\/div>\n\t\t\t\t<div class=\"elementor-column elementor-col-33 elementor-inner-column elementor-element elementor-element-5f299f0\" data-id=\"5f299f0\" data-element_type=\"column\" data-e-type=\"column\">\n\t\t\t<div class=\"elementor-widget-wrap elementor-element-populated\">\n\t\t\t\t\t\t<div class=\"elementor-element elementor-element-d5bc437 elementor-widget elementor-widget-text-editor\" data-id=\"d5bc437\" data-element_type=\"widget\" data-e-type=\"widget\" data-widget_type=\"text-editor.default\">\n\t\t\t\t<div class=\"elementor-widget-container\">\n\t\t\t\t\t\t\t\t\t<p>At the school level, the transdisciplinary approach is reflected in the creation of joint projects involving several pupils in school. We follow the transversal competencies whose development is the objective of the entire transdisciplinary educational design.<\/p>\n\t\t\t\t\t\t\t\t<\/div>\n\t\t\t\t<\/div>\n\t\t\t\t\t<\/div>\n\t\t<\/div>\n\t\t\t\t<div class=\"elementor-column elementor-col-33 elementor-inner-column elementor-element elementor-element-5a5e666\" data-id=\"5a5e666\" data-element_type=\"column\" data-e-type=\"column\">\n\t\t\t<div class=\"elementor-widget-wrap elementor-element-populated\">\n\t\t\t\t\t\t<div class=\"elementor-element elementor-element-f6dbb74 elementor-widget elementor-widget-text-editor\" data-id=\"f6dbb74\" data-element_type=\"widget\" data-e-type=\"widget\" data-widget_type=\"text-editor.default\">\n\t\t\t\t<div class=\"elementor-widget-container\">\n\t\t\t\t\t\t\t\t\t<p>Subiectele selectate pentru a desemna temele \u015fcolii, evenimentele corelate, tematica \u00eent\u00e2lnirilor &#8211; toate sunt menite s\u0103 \u00eembog\u0103\u021beasc\u0103 experien\u021ba elevilor no\u0219tri \u0219i s\u0103 faciliteze rela\u021bionarea lor, astfel \u00eenc\u00e2t \u00eenv\u0103\u021barea s\u0103 se \u00eent\u00e2mple \u00eentr-un mod pl\u0103cut.\u00a0<\/p>\n\t\t\t\t\t\t\t\t<\/div>\n\t\t\t\t<\/div>\n\t\t\t\t\t<\/div>\n\t\t<\/div>\n\t\t\t\t\t<\/div>\n\t\t<\/section>\n\t\t\t\t\t<\/div>\n\t\t<\/div>\n\t\t\t\t\t<\/div>\n\t\t<\/section>\n\t\t\t\t<\/div>\n\t\t","protected":false},"excerpt":{"rendered":"<p>Transdisciplinarity The world evolves rapidly. New technology, new occupations, even new areas appear. It is likely that when they finish school, our students will have jobs that do not yet exist. At Avenor College our goal is to educate students to succeed in a future that we can now barely imagine. We do not only [&hellip;]<\/p>\n","protected":false},"author":1,"featured_media":0,"parent":0,"menu_order":0,"comment_status":"closed","ping_status":"closed","template":"","meta":{"_acf_changed":false,"inline_featured_image":false,"footnotes":""},"class_list":["post-12818","page","type-page","status-publish","hentry"],"acf":[],"yoast_head":"<!-- This site is optimized with the Yoast SEO plugin v27.3 - https:\/\/yoast.com\/product\/yoast-seo-wordpress\/ -->\n<title>Transdisciplinarity - Avenor<\/title>\n<meta name=\"robots\" content=\"index, follow, max-snippet:-1, max-image-preview:large, max-video-preview:-1\" \/>\n<link rel=\"canonical\" href=\"https:\/\/www.avenor.ro\/en\/transdisciplinarity\/\" \/>\n<meta property=\"og:locale\" content=\"en_US\" \/>\n<meta property=\"og:type\" content=\"article\" \/>\n<meta property=\"og:title\" content=\"Transdisciplinarity - Avenor\" \/>\n<meta property=\"og:description\" content=\"Transdisciplinarity The world evolves rapidly. New technology, new occupations, even new areas appear. It is likely that when they finish school, our students will have jobs that do not yet exist. At Avenor College our goal is to educate students to succeed in a future that we can now barely imagine. We do not only [&hellip;]\" \/>\n<meta property=\"og:url\" content=\"https:\/\/www.avenor.ro\/en\/transdisciplinarity\/\" \/>\n<meta property=\"og:site_name\" content=\"Avenor\" \/>\n<meta property=\"article:modified_time\" content=\"2021-02-10T08:05:49+00:00\" \/>\n<meta property=\"og:image\" content=\"https:\/\/www.avenor.ro\/wp-content\/uploads\/2021\/01\/Transdisciplinaritate.jpg\" \/>\n<meta name=\"twitter:card\" content=\"summary_large_image\" \/>\n<meta name=\"twitter:label1\" content=\"Est. reading time\" \/>\n\t<meta name=\"twitter:data1\" content=\"1 minute\" \/>\n<script type=\"application\/ld+json\" class=\"yoast-schema-graph\">{\"@context\":\"https:\\\/\\\/schema.org\",\"@graph\":[{\"@type\":\"WebPage\",\"@id\":\"https:\\\/\\\/www.avenor.ro\\\/en\\\/transdisciplinarity\\\/\",\"url\":\"https:\\\/\\\/www.avenor.ro\\\/en\\\/transdisciplinarity\\\/\",\"name\":\"Transdisciplinarity - Avenor\",\"isPartOf\":{\"@id\":\"https:\\\/\\\/www.avenor.ro\\\/en\\\/#website\"},\"primaryImageOfPage\":{\"@id\":\"https:\\\/\\\/www.avenor.ro\\\/en\\\/transdisciplinarity\\\/#primaryimage\"},\"image\":{\"@id\":\"https:\\\/\\\/www.avenor.ro\\\/en\\\/transdisciplinarity\\\/#primaryimage\"},\"thumbnailUrl\":\"https:\\\/\\\/www.avenor.ro\\\/wp-content\\\/uploads\\\/2020\\\/11\\\/Transdisciplinaritate-Icon.svg\",\"datePublished\":\"2021-02-01T12:17:50+00:00\",\"dateModified\":\"2021-02-10T08:05:49+00:00\",\"inLanguage\":\"en-US\",\"potentialAction\":[{\"@type\":\"ReadAction\",\"target\":[\"https:\\\/\\\/www.avenor.ro\\\/en\\\/transdisciplinarity\\\/\"]}]},{\"@type\":\"ImageObject\",\"inLanguage\":\"en-US\",\"@id\":\"https:\\\/\\\/www.avenor.ro\\\/en\\\/transdisciplinarity\\\/#primaryimage\",\"url\":\"https:\\\/\\\/www.avenor.ro\\\/wp-content\\\/uploads\\\/2020\\\/11\\\/Transdisciplinaritate-Icon.svg\",\"contentUrl\":\"https:\\\/\\\/www.avenor.ro\\\/wp-content\\\/uploads\\\/2020\\\/11\\\/Transdisciplinaritate-Icon.svg\"},{\"@type\":\"WebSite\",\"@id\":\"https:\\\/\\\/www.avenor.ro\\\/en\\\/#website\",\"url\":\"https:\\\/\\\/www.avenor.ro\\\/en\\\/\",\"name\":\"Avenor\",\"description\":\"Avenor\",\"publisher\":{\"@id\":\"https:\\\/\\\/www.avenor.ro\\\/en\\\/#organization\"},\"potentialAction\":[{\"@type\":\"SearchAction\",\"target\":{\"@type\":\"EntryPoint\",\"urlTemplate\":\"https:\\\/\\\/www.avenor.ro\\\/en\\\/?s={search_term_string}\"},\"query-input\":{\"@type\":\"PropertyValueSpecification\",\"valueRequired\":true,\"valueName\":\"search_term_string\"}}],\"inLanguage\":\"en-US\"},{\"@type\":\"Organization\",\"@id\":\"https:\\\/\\\/www.avenor.ro\\\/en\\\/#organization\",\"name\":\"Avenor\",\"alternateName\":\"Avenor\",\"url\":\"https:\\\/\\\/www.avenor.ro\\\/en\\\/\",\"logo\":{\"@type\":\"ImageObject\",\"inLanguage\":\"en-US\",\"@id\":\"https:\\\/\\\/www.avenor.ro\\\/en\\\/#\\\/schema\\\/logo\\\/image\\\/\",\"url\":\"https:\\\/\\\/www.avenor.ro\\\/wp-content\\\/uploads\\\/2026\\\/04\\\/logo-avenor.png\",\"contentUrl\":\"https:\\\/\\\/www.avenor.ro\\\/wp-content\\\/uploads\\\/2026\\\/04\\\/logo-avenor.png\",\"width\":342,\"height\":152,\"caption\":\"Avenor\"},\"image\":{\"@id\":\"https:\\\/\\\/www.avenor.ro\\\/en\\\/#\\\/schema\\\/logo\\\/image\\\/\"}}]}<\/script>\n<!-- \/ Yoast SEO plugin. -->","yoast_head_json":{"title":"Transdisciplinarity - Avenor","robots":{"index":"index","follow":"follow","max-snippet":"max-snippet:-1","max-image-preview":"max-image-preview:large","max-video-preview":"max-video-preview:-1"},"canonical":"https:\/\/www.avenor.ro\/en\/transdisciplinarity\/","og_locale":"en_US","og_type":"article","og_title":"Transdisciplinarity - Avenor","og_description":"Transdisciplinarity The world evolves rapidly. New technology, new occupations, even new areas appear. It is likely that when they finish school, our students will have jobs that do not yet exist. At Avenor College our goal is to educate students to succeed in a future that we can now barely imagine. We do not only [&hellip;]","og_url":"https:\/\/www.avenor.ro\/en\/transdisciplinarity\/","og_site_name":"Avenor","article_modified_time":"2021-02-10T08:05:49+00:00","og_image":[{"url":"https:\/\/www.avenor.ro\/wp-content\/uploads\/2021\/01\/Transdisciplinaritate.jpg","type":"","width":"","height":""}],"twitter_card":"summary_large_image","twitter_misc":{"Est. reading time":"1 minute"},"schema":{"@context":"https:\/\/schema.org","@graph":[{"@type":"WebPage","@id":"https:\/\/www.avenor.ro\/en\/transdisciplinarity\/","url":"https:\/\/www.avenor.ro\/en\/transdisciplinarity\/","name":"Transdisciplinarity - Avenor","isPartOf":{"@id":"https:\/\/www.avenor.ro\/en\/#website"},"primaryImageOfPage":{"@id":"https:\/\/www.avenor.ro\/en\/transdisciplinarity\/#primaryimage"},"image":{"@id":"https:\/\/www.avenor.ro\/en\/transdisciplinarity\/#primaryimage"},"thumbnailUrl":"https:\/\/www.avenor.ro\/wp-content\/uploads\/2020\/11\/Transdisciplinaritate-Icon.svg","datePublished":"2021-02-01T12:17:50+00:00","dateModified":"2021-02-10T08:05:49+00:00","inLanguage":"en-US","potentialAction":[{"@type":"ReadAction","target":["https:\/\/www.avenor.ro\/en\/transdisciplinarity\/"]}]},{"@type":"ImageObject","inLanguage":"en-US","@id":"https:\/\/www.avenor.ro\/en\/transdisciplinarity\/#primaryimage","url":"https:\/\/www.avenor.ro\/wp-content\/uploads\/2020\/11\/Transdisciplinaritate-Icon.svg","contentUrl":"https:\/\/www.avenor.ro\/wp-content\/uploads\/2020\/11\/Transdisciplinaritate-Icon.svg"},{"@type":"WebSite","@id":"https:\/\/www.avenor.ro\/en\/#website","url":"https:\/\/www.avenor.ro\/en\/","name":"Avenor","description":"Avenor","publisher":{"@id":"https:\/\/www.avenor.ro\/en\/#organization"},"potentialAction":[{"@type":"SearchAction","target":{"@type":"EntryPoint","urlTemplate":"https:\/\/www.avenor.ro\/en\/?s={search_term_string}"},"query-input":{"@type":"PropertyValueSpecification","valueRequired":true,"valueName":"search_term_string"}}],"inLanguage":"en-US"},{"@type":"Organization","@id":"https:\/\/www.avenor.ro\/en\/#organization","name":"Avenor","alternateName":"Avenor","url":"https:\/\/www.avenor.ro\/en\/","logo":{"@type":"ImageObject","inLanguage":"en-US","@id":"https:\/\/www.avenor.ro\/en\/#\/schema\/logo\/image\/","url":"https:\/\/www.avenor.ro\/wp-content\/uploads\/2026\/04\/logo-avenor.png","contentUrl":"https:\/\/www.avenor.ro\/wp-content\/uploads\/2026\/04\/logo-avenor.png","width":342,"height":152,"caption":"Avenor"},"image":{"@id":"https:\/\/www.avenor.ro\/en\/#\/schema\/logo\/image\/"}}]}},"_links":{"self":[{"href":"https:\/\/www.avenor.ro\/en\/wp-json\/wp\/v2\/pages\/12818","targetHints":{"allow":["GET"]}}],"collection":[{"href":"https:\/\/www.avenor.ro\/en\/wp-json\/wp\/v2\/pages"}],"about":[{"href":"https:\/\/www.avenor.ro\/en\/wp-json\/wp\/v2\/types\/page"}],"author":[{"embeddable":true,"href":"https:\/\/www.avenor.ro\/en\/wp-json\/wp\/v2\/users\/1"}],"replies":[{"embeddable":true,"href":"https:\/\/www.avenor.ro\/en\/wp-json\/wp\/v2\/comments?post=12818"}],"version-history":[{"count":0,"href":"https:\/\/www.avenor.ro\/en\/wp-json\/wp\/v2\/pages\/12818\/revisions"}],"wp:attachment":[{"href":"https:\/\/www.avenor.ro\/en\/wp-json\/wp\/v2\/media?parent=12818"}],"curies":[{"name":"wp","href":"https:\/\/api.w.org\/{rel}","templated":true}]}}