{"id":39252,"date":"2024-11-01T10:06:15","date_gmt":"2024-11-01T10:06:15","guid":{"rendered":"https:\/\/www.avenor.ro\/?page_id=39252"},"modified":"2026-03-27T10:08:51","modified_gmt":"2026-03-27T10:08:51","slug":"schedule-event","status":"publish","type":"page","link":"https:\/\/www.avenor.ro\/en\/schedule-event\/","title":{"rendered":"Schedule Event"},"content":{"rendered":"\t\t<div data-elementor-type=\"wp-page\" data-elementor-id=\"39252\" class=\"elementor elementor-39252\" data-elementor-post-type=\"page\">\n\t\t\t\t\t\t<section class=\"elementor-section elementor-top-section elementor-element elementor-element-02edf49 elementor-section-boxed elementor-section-height-default elementor-section-height-default\" data-id=\"02edf49\" data-element_type=\"section\" data-e-type=\"section\">\n\t\t\t\t\t\t<div class=\"elementor-container elementor-column-gap-default\">\n\t\t\t\t\t<div class=\"elementor-column elementor-col-100 elementor-top-column elementor-element elementor-element-a1ed13d\" data-id=\"a1ed13d\" data-element_type=\"column\" data-e-type=\"column\">\n\t\t\t<div class=\"elementor-widget-wrap elementor-element-populated\">\n\t\t\t\t\t\t<div class=\"elementor-element elementor-element-32a26db hidden slide_up elementor-widget elementor-widget-html\" data-id=\"32a26db\" data-element_type=\"widget\" data-e-type=\"widget\" data-widget_type=\"html.default\">\n\t\t\t\t<div class=\"elementor-widget-container\">\n\t\t\t\t\t<script\r\ndata-cookieconsent=\"ignore\"\r\ntype='text\/javascript' id='openapplyScript' src='https:\/\/avenor.openapply.eu\/tours\/new.js'><\/script>\r\n\t\t\t\t<\/div>\n\t\t\t\t<\/div>\n\t\t\t\t\t<\/div>\n\t\t<\/div>\n\t\t\t\t\t<\/div>\n\t\t<\/section>\n\t\t<div class=\"elementor-element elementor-element-6f0e3be e-flex e-con-boxed e-con e-parent\" data-id=\"6f0e3be\" data-element_type=\"container\" data-e-type=\"container\">\n\t\t\t\t\t<div class=\"e-con-inner\">\n\t\t\t\t<div class=\"elementor-element elementor-element-35ae359 elementor-widget elementor-widget-text-editor\" data-id=\"35ae359\" data-element_type=\"widget\" data-e-type=\"widget\" data-widget_type=\"text-editor.default\">\n\t\t\t\t<div class=\"elementor-widget-container\">\n\t\t\t\t\t\t\t\t\t<p>Dac\u0103 nu vezi formularul, d\u0103 click pe butonul de mai jos ca s\u0103 re\u00eencepi procesul.<\/p>\t\t\t\t\t\t\t\t<\/div>\n\t\t\t\t<\/div>\n\t\t\t\t<div class=\"elementor-element elementor-element-90bfcb9 elementor-button-info elementor-align-center elementor-widget elementor-widget-button\" data-id=\"90bfcb9\" data-element_type=\"widget\" data-e-type=\"widget\" data-widget_type=\"button.default\">\n\t\t\t\t<div class=\"elementor-widget-container\">\n\t\t\t\t\t\t\t\t\t<div class=\"elementor-button-wrapper\">\n\t\t\t\t\t<a class=\"elementor-button elementor-button-link elementor-size-sm\" href=\"https:\/\/avenor.openapply.eu\/tours\/new\">\n\t\t\t\t\t\t<span class=\"elementor-button-content-wrapper\">\n\t\t\t\t\t\t\t\t\t<span class=\"elementor-button-text\">Spre formular<\/span>\n\t\t\t\t\t<\/span>\n\t\t\t\t\t<\/a>\n\t\t\t\t<\/div>\n\t\t\t\t\t\t\t\t<\/div>\n\t\t\t\t<\/div>\n\t\t\t\t\t<\/div>\n\t\t\t\t<\/div>\n\t\t\t\t<\/div>\n\t\t","protected":false},"excerpt":{"rendered":"<p>Dac\u0103 nu vezi formularul, d\u0103 click pe butonul de mai jos ca s\u0103 re\u00eencepi procesul. Spre formular<\/p>\n","protected":false},"author":1,"featured_media":0,"parent":0,"menu_order":0,"comment_status":"closed","ping_status":"closed","template":"","meta":{"_acf_changed":false,"inline_featured_image":false,"footnotes":""},"class_list":["post-39252","page","type-page","status-publish","hentry"],"acf":[],"yoast_head":"<!-- This site is optimized with the Yoast SEO plugin v27.3 - https:\/\/yoast.com\/product\/yoast-seo-wordpress\/ -->\n<title>Schedule Event - Avenor<\/title>\n<meta name=\"robots\" content=\"index, follow, max-snippet:-1, max-image-preview:large, max-video-preview:-1\" \/>\n<link rel=\"canonical\" href=\"https:\/\/www.avenor.ro\/en\/schedule-event\/\" \/>\n<meta property=\"og:locale\" content=\"en_US\" \/>\n<meta property=\"og:type\" content=\"article\" \/>\n<meta property=\"og:title\" content=\"Schedule Event - Avenor\" \/>\n<meta property=\"og:description\" content=\"Dac\u0103 nu vezi formularul, d\u0103 click pe butonul de mai jos ca s\u0103 re\u00eencepi procesul. Spre formular\" \/>\n<meta property=\"og:url\" content=\"https:\/\/www.avenor.ro\/en\/schedule-event\/\" \/>\n<meta property=\"og:site_name\" content=\"Avenor\" \/>\n<meta property=\"article:modified_time\" content=\"2026-03-27T10:08:51+00:00\" \/>\n<meta name=\"twitter:card\" content=\"summary_large_image\" \/>\n<meta name=\"twitter:label1\" content=\"Est. reading time\" \/>\n\t<meta name=\"twitter:data1\" content=\"1 minute\" \/>\n<script type=\"application\/ld+json\" class=\"yoast-schema-graph\">{\"@context\":\"https:\\\/\\\/schema.org\",\"@graph\":[{\"@type\":\"WebPage\",\"@id\":\"https:\\\/\\\/www.avenor.ro\\\/en\\\/schedule-event\\\/\",\"url\":\"https:\\\/\\\/www.avenor.ro\\\/en\\\/schedule-event\\\/\",\"name\":\"Schedule Event - Avenor\",\"isPartOf\":{\"@id\":\"https:\\\/\\\/www.avenor.ro\\\/en\\\/#website\"},\"datePublished\":\"2024-11-01T10:06:15+00:00\",\"dateModified\":\"2026-03-27T10:08:51+00:00\",\"inLanguage\":\"en-US\",\"potentialAction\":[{\"@type\":\"ReadAction\",\"target\":[\"https:\\\/\\\/www.avenor.ro\\\/en\\\/schedule-event\\\/\"]}]},{\"@type\":\"WebSite\",\"@id\":\"https:\\\/\\\/www.avenor.ro\\\/en\\\/#website\",\"url\":\"https:\\\/\\\/www.avenor.ro\\\/en\\\/\",\"name\":\"Avenor\",\"description\":\"Avenor\",\"publisher\":{\"@id\":\"https:\\\/\\\/www.avenor.ro\\\/en\\\/#organization\"},\"potentialAction\":[{\"@type\":\"SearchAction\",\"target\":{\"@type\":\"EntryPoint\",\"urlTemplate\":\"https:\\\/\\\/www.avenor.ro\\\/en\\\/?s={search_term_string}\"},\"query-input\":{\"@type\":\"PropertyValueSpecification\",\"valueRequired\":true,\"valueName\":\"search_term_string\"}}],\"inLanguage\":\"en-US\"},{\"@type\":\"Organization\",\"@id\":\"https:\\\/\\\/www.avenor.ro\\\/en\\\/#organization\",\"name\":\"Avenor\",\"alternateName\":\"Avenor\",\"url\":\"https:\\\/\\\/www.avenor.ro\\\/en\\\/\",\"logo\":{\"@type\":\"ImageObject\",\"inLanguage\":\"en-US\",\"@id\":\"https:\\\/\\\/www.avenor.ro\\\/en\\\/#\\\/schema\\\/logo\\\/image\\\/\",\"url\":\"https:\\\/\\\/www.avenor.ro\\\/wp-content\\\/uploads\\\/2026\\\/04\\\/logo-avenor.png\",\"contentUrl\":\"https:\\\/\\\/www.avenor.ro\\\/wp-content\\\/uploads\\\/2026\\\/04\\\/logo-avenor.png\",\"width\":342,\"height\":152,\"caption\":\"Avenor\"},\"image\":{\"@id\":\"https:\\\/\\\/www.avenor.ro\\\/en\\\/#\\\/schema\\\/logo\\\/image\\\/\"}}]}<\/script>\n<!-- \/ Yoast SEO plugin. -->","yoast_head_json":{"title":"Schedule Event - Avenor","robots":{"index":"index","follow":"follow","max-snippet":"max-snippet:-1","max-image-preview":"max-image-preview:large","max-video-preview":"max-video-preview:-1"},"canonical":"https:\/\/www.avenor.ro\/en\/schedule-event\/","og_locale":"en_US","og_type":"article","og_title":"Schedule Event - Avenor","og_description":"Dac\u0103 nu vezi formularul, d\u0103 click pe butonul de mai jos ca s\u0103 re\u00eencepi procesul. Spre formular","og_url":"https:\/\/www.avenor.ro\/en\/schedule-event\/","og_site_name":"Avenor","article_modified_time":"2026-03-27T10:08:51+00:00","twitter_card":"summary_large_image","twitter_misc":{"Est. reading time":"1 minute"},"schema":{"@context":"https:\/\/schema.org","@graph":[{"@type":"WebPage","@id":"https:\/\/www.avenor.ro\/en\/schedule-event\/","url":"https:\/\/www.avenor.ro\/en\/schedule-event\/","name":"Schedule Event - Avenor","isPartOf":{"@id":"https:\/\/www.avenor.ro\/en\/#website"},"datePublished":"2024-11-01T10:06:15+00:00","dateModified":"2026-03-27T10:08:51+00:00","inLanguage":"en-US","potentialAction":[{"@type":"ReadAction","target":["https:\/\/www.avenor.ro\/en\/schedule-event\/"]}]},{"@type":"WebSite","@id":"https:\/\/www.avenor.ro\/en\/#website","url":"https:\/\/www.avenor.ro\/en\/","name":"Avenor","description":"Avenor","publisher":{"@id":"https:\/\/www.avenor.ro\/en\/#organization"},"potentialAction":[{"@type":"SearchAction","target":{"@type":"EntryPoint","urlTemplate":"https:\/\/www.avenor.ro\/en\/?s={search_term_string}"},"query-input":{"@type":"PropertyValueSpecification","valueRequired":true,"valueName":"search_term_string"}}],"inLanguage":"en-US"},{"@type":"Organization","@id":"https:\/\/www.avenor.ro\/en\/#organization","name":"Avenor","alternateName":"Avenor","url":"https:\/\/www.avenor.ro\/en\/","logo":{"@type":"ImageObject","inLanguage":"en-US","@id":"https:\/\/www.avenor.ro\/en\/#\/schema\/logo\/image\/","url":"https:\/\/www.avenor.ro\/wp-content\/uploads\/2026\/04\/logo-avenor.png","contentUrl":"https:\/\/www.avenor.ro\/wp-content\/uploads\/2026\/04\/logo-avenor.png","width":342,"height":152,"caption":"Avenor"},"image":{"@id":"https:\/\/www.avenor.ro\/en\/#\/schema\/logo\/image\/"}}]}},"_links":{"self":[{"href":"https:\/\/www.avenor.ro\/en\/wp-json\/wp\/v2\/pages\/39252","targetHints":{"allow":["GET"]}}],"collection":[{"href":"https:\/\/www.avenor.ro\/en\/wp-json\/wp\/v2\/pages"}],"about":[{"href":"https:\/\/www.avenor.ro\/en\/wp-json\/wp\/v2\/types\/page"}],"author":[{"embeddable":true,"href":"https:\/\/www.avenor.ro\/en\/wp-json\/wp\/v2\/users\/1"}],"replies":[{"embeddable":true,"href":"https:\/\/www.avenor.ro\/en\/wp-json\/wp\/v2\/comments?post=39252"}],"version-history":[{"count":4,"href":"https:\/\/www.avenor.ro\/en\/wp-json\/wp\/v2\/pages\/39252\/revisions"}],"predecessor-version":[{"id":44976,"href":"https:\/\/www.avenor.ro\/en\/wp-json\/wp\/v2\/pages\/39252\/revisions\/44976"}],"wp:attachment":[{"href":"https:\/\/www.avenor.ro\/en\/wp-json\/wp\/v2\/media?parent=39252"}],"curies":[{"name":"wp","href":"https:\/\/api.w.org\/{rel}","templated":true}]}}