{"id":39871,"date":"2025-01-28T18:47:36","date_gmt":"2025-01-28T18:47:36","guid":{"rendered":"https:\/\/www.avenor.ro\/?page_id=39871"},"modified":"2025-03-04T13:32:53","modified_gmt":"2025-03-04T13:32:53","slug":"profesor-educatie-fizica-si-sport","status":"publish","type":"page","link":"https:\/\/www.avenor.ro\/en\/careers\/profesor-educatie-fizica-si-sport\/","title":{"rendered":"Profesor Educa\u021bie Fizic\u0103 \u0219i Sport"},"content":{"rendered":"\t\t<div data-elementor-type=\"wp-page\" data-elementor-id=\"39871\" class=\"elementor elementor-39871\" data-elementor-post-type=\"page\">\n\t\t\t\t\t\t<section class=\"elementor-section elementor-top-section elementor-element elementor-element-673bf48 elementor-section-boxed elementor-section-height-default elementor-section-height-default\" data-id=\"673bf48\" data-element_type=\"section\" data-e-type=\"section\">\n\t\t\t\t\t\t<div class=\"elementor-container elementor-column-gap-default\">\n\t\t\t\t\t<div class=\"elementor-column elementor-col-100 elementor-top-column elementor-element elementor-element-9813429\" data-id=\"9813429\" data-element_type=\"column\" data-e-type=\"column\">\n\t\t\t<div class=\"elementor-widget-wrap elementor-element-populated\">\n\t\t\t\t\t\t<div class=\"elementor-element elementor-element-53b5e48 elementor-widget elementor-widget-image\" data-id=\"53b5e48\" data-element_type=\"widget\" data-e-type=\"widget\" data-widget_type=\"image.default\">\n\t\t\t\t<div class=\"elementor-widget-container\">\n\t\t\t\t\t\t\t\t\t\t\t\t\t\t\t<img fetchpriority=\"high\" decoding=\"async\" width=\"2560\" height=\"796\" src=\"https:\/\/www.avenor.ro\/wp-content\/uploads\/2024\/10\/Banner-Cariere-eng-scaled.jpg\" class=\"attachment-full size-full wp-image-39088\" alt=\"\" srcset=\"https:\/\/www.avenor.ro\/wp-content\/uploads\/2024\/10\/Banner-Cariere-eng-scaled.jpg 2560w, https:\/\/www.avenor.ro\/wp-content\/uploads\/2024\/10\/Banner-Cariere-eng-300x93.jpg 300w, https:\/\/www.avenor.ro\/wp-content\/uploads\/2024\/10\/Banner-Cariere-eng-1030x320.jpg 1030w, https:\/\/www.avenor.ro\/wp-content\/uploads\/2024\/10\/Banner-Cariere-eng-768x239.jpg 768w, https:\/\/www.avenor.ro\/wp-content\/uploads\/2024\/10\/Banner-Cariere-eng-1536x478.jpg 1536w, https:\/\/www.avenor.ro\/wp-content\/uploads\/2024\/10\/Banner-Cariere-eng-2048x637.jpg 2048w\" sizes=\"(max-width: 2560px) 100vw, 2560px\" \/>\t\t\t\t\t\t\t\t\t\t\t\t\t\t\t<\/div>\n\t\t\t\t<\/div>\n\t\t\t\t\t<\/div>\n\t\t<\/div>\n\t\t\t\t\t<\/div>\n\t\t<\/section>\n\t\t\t\t<section class=\"elementor-section elementor-top-section elementor-element elementor-element-982186f elementor-section-boxed elementor-section-height-default elementor-section-height-default\" data-id=\"982186f\" data-element_type=\"section\" data-e-type=\"section\">\n\t\t\t\t\t\t<div class=\"elementor-container elementor-column-gap-default\">\n\t\t\t\t\t<div class=\"elementor-column elementor-col-100 elementor-top-column elementor-element elementor-element-3d9e81e\" data-id=\"3d9e81e\" data-element_type=\"column\" data-e-type=\"column\">\n\t\t\t<div class=\"elementor-widget-wrap elementor-element-populated\">\n\t\t\t\t\t\t<div class=\"elementor-element elementor-element-6659757 elementor-widget elementor-widget-text-editor\" data-id=\"6659757\" data-element_type=\"widget\" data-e-type=\"widget\" data-widget_type=\"text-editor.default\">\n\t\t\t\t<div class=\"elementor-widget-container\">\n\t\t\t\t\t\t\t\t\t<h3>Profesor Educa\u021bie fizic\u0103 \u0219i sport<\/h3>\n<p><strong>Start date: August 2025&nbsp;<\/strong><\/p>\n<h4>Responsabilit\u0103\u021bi specifice postului de Profesor Educa\u021bie fizica si sport:<\/h4>\n<ul>\n<li aria-level=\"1\">sus\u021binerea activit\u0103\u021bilor instructiv-educative;<\/li>\n<li aria-level=\"1\">preg\u0103tirea planific\u0103rilor, a planurilor de lec\u021bie \u015fi a materialelor didactice aferente;<\/li>\n<li aria-level=\"1\">managementul clasei \u00een activit\u0103\u021bile desf\u0103\u0219urate;<\/li>\n<li aria-level=\"1\">participare la evenimentele sportive ale \u0219colii (competi\u021bii, excursii, tabere, etc).<b>&nbsp; &nbsp; &nbsp; &nbsp; &nbsp; &nbsp; &nbsp; &nbsp; &nbsp; &nbsp; &nbsp; &nbsp; &nbsp; &nbsp; &nbsp; &nbsp; &nbsp; &nbsp; &nbsp; &nbsp; &nbsp; &nbsp; &nbsp; &nbsp; &nbsp; &nbsp; &nbsp; &nbsp; &nbsp; &nbsp; &nbsp; &nbsp; &nbsp; &nbsp; &nbsp; &nbsp; &nbsp; &nbsp;&nbsp;<\/b><\/li>\n<\/ul>\n<h4><span style=\"font-size: var(--font-size-desktop-card-title);\">Cerin\u0163e pentru postul de Profesor Educa\u021bie fizica si sport:<\/span><\/h4>\n<ul>\n<li style=\"font-weight: 400;\" aria-level=\"1\">studii de specialitate;<\/li>\n<li style=\"font-weight: 400;\" aria-level=\"1\">minimum 2 ani de experien\u0163\u0103 (constituie avantaj experien\u0163a \u00eentr-o \u015fcoal\u0103 particular\u0103 sau interna\u0163ional\u0103);<\/li>\n<li style=\"font-weight: 400;\" aria-level=\"1\">cunoa\u015fterea foarte bun\u0103 a limbii engleze;<\/li>\n<li style=\"font-weight: 400;\" aria-level=\"1\">persoan\u0103 deschis\u0103 spre nou, cu pasiune pentru educa\u0163ie;<\/li>\n<li style=\"font-weight: 400;\" aria-level=\"1\">cuno\u015ftin\u0163e de operare pe calculator;<\/li>\n<\/ul>\n<h4><span style=\"font-size: var(--font-size-desktop-card-title);\">Oferim:<\/span><\/h4>\n<ul>\n<li style=\"font-weight: 400;\" aria-level=\"1\">Pachet salarial motivant;<\/li>\n<li style=\"font-weight: 400;\" aria-level=\"1\">Oportunit\u0103\u021bi continue de dezvoltare profesional\u0103;<\/li>\n<li style=\"font-weight: 400;\" aria-level=\"1\">Un mediu de lucru prietenos, bine echipat, cu o echip\u0103 motivat\u0103 \u0219i extrem de bine preg\u0103tit\u0103.<\/li>\n<li style=\"font-weight: 400;\" aria-level=\"1\">Un spirit de echip\u0103 excelent.<\/li>\n<\/ul>\n<h4><b>Aplicare:<br>\n<\/b><\/h4>\n<p>V\u0103 rug\u0103m s\u0103 trimite\u021bi pe adresa hr@avenor.ro CV-ul dvs. complet, care s\u0103 includ\u0103 \u0219i datele de contact (numere de telefon \u0219i adrese de e-mail) a trei fo\u0219ti angajatori pe care s\u0103-i putem contacta pentru verificarea referin\u021belor. De asemenea, v\u0103 rug\u0103m s\u0103 trimite\u021bi \u0219i o scrisoare de inten\u021bie, care s\u0103 explice motivele pentru care dori\u021bi s\u0103 lucra\u021bi la Avenor.<\/p>\n<p>Deoarece suntem o institu\u021bie de \u00eenv\u0103\u021b\u0103m\u00e2nt \u0219i lu\u0103m foarte \u00een serios datoria noastr\u0103 fa\u021b\u0103 de to\u021bi elevii, procedura noastr\u0103 de recrutare include verificarea referin\u021belor din CV cu angajatorii anteriori, precum \u0219i solicitarea cazierului judiciar \u0219i a certificatului de integritate.<\/p>\n<h4><span style=\"font-size: var(--font-size-desktop-card-title);\">Alinierea la GDPR:<\/span><\/h4>\n<p><span style=\"font-weight: 400;\"><a href=\"https:\/\/www.avenor.ro\/politica-de-confidentialitate\/\">Politica noastr\u0103 de confiden\u021bialitate<\/a>, Avenor prelucreaz\u0103 date cu caracter personal ale candida\u021bilor doar \u00een scopuri reglementate prin Codul Muncii sau alte activit\u0103\u021bi pentru care exist\u0103 un temei legal. <\/span><\/p>\n<p><span style=\"font-weight: 400;\">Prin politica noastr\u0103 intern\u0103 de minimizare a perioadei de procesare a datelor personale, v\u0103 garant\u0103m faptul c\u0103 \u00een cazul \u00een care nu sunte\u021bi admi\u0219i pentru pozi\u021bia pentru care a\u021bi aplicat, CV-urile dvs. vor fi p\u0103strate \u00een cele mai depline condi\u021bii de siguran\u021b\u0103, pe o perioad\u0103 de maxim 6 luni de la depunerea candidaturii. Conform GDPR, ave\u021bi oric\u00e2nd posibilitatea de a solicita \u0219tergerea datelor incluse \u00een CV \u0219i\/ sau a scrisorii de inten\u021bie \u00eenainte de expirarea perioadei de 6 luni, prin trimiterea unei Solicit\u0103ri de renun\u021bare la consim\u021b\u0103m\u00e2nt pe adresa hr@avenor.ro.<\/span><\/p>\t\t\t\t\t\t\t\t<\/div>\n\t\t\t\t<\/div>\n\t\t\t\t\t<\/div>\n\t\t<\/div>\n\t\t\t\t\t<\/div>\n\t\t<\/section>\n\t\t\t\t<\/div>\n\t\t","protected":false},"excerpt":{"rendered":"<p>Profesor Educa\u021bie fizic\u0103 \u0219i sport Start date: August 2025&nbsp; Responsabilit\u0103\u021bi specifice postului de Profesor Educa\u021bie fizica si sport: sus\u021binerea activit\u0103\u021bilor instructiv-educative; preg\u0103tirea planific\u0103rilor, a planurilor de lec\u021bie \u015fi a materialelor didactice aferente; managementul clasei \u00een activit\u0103\u021bile desf\u0103\u0219urate; participare la evenimentele sportive ale \u0219colii (competi\u021bii, excursii, tabere, etc).&nbsp; &nbsp; &nbsp; &nbsp; &nbsp; &nbsp; &nbsp; &nbsp; &nbsp; [&hellip;]<\/p>\n","protected":false},"author":86,"featured_media":0,"parent":12873,"menu_order":0,"comment_status":"closed","ping_status":"closed","template":"","meta":{"_acf_changed":false,"inline_featured_image":false,"footnotes":""},"class_list":["post-39871","page","type-page","status-publish","hentry"],"acf":[],"yoast_head":"<!-- This site is optimized with the Yoast SEO plugin v27.3 - https:\/\/yoast.com\/product\/yoast-seo-wordpress\/ -->\n<title>Profesor Educa\u021bie Fizic\u0103 \u0219i Sport - Avenor<\/title>\n<meta name=\"robots\" content=\"index, follow, max-snippet:-1, max-image-preview:large, max-video-preview:-1\" \/>\n<link rel=\"canonical\" href=\"https:\/\/www.avenor.ro\/en\/careers\/profesor-educatie-fizica-si-sport\/\" \/>\n<meta property=\"og:locale\" content=\"en_US\" \/>\n<meta property=\"og:type\" content=\"article\" \/>\n<meta property=\"og:title\" content=\"Profesor Educa\u021bie Fizic\u0103 \u0219i Sport - Avenor\" \/>\n<meta property=\"og:description\" content=\"Profesor Educa\u021bie fizic\u0103 \u0219i sport Start date: August 2025&nbsp; Responsabilit\u0103\u021bi specifice postului de Profesor Educa\u021bie fizica si sport: sus\u021binerea activit\u0103\u021bilor instructiv-educative; preg\u0103tirea planific\u0103rilor, a planurilor de lec\u021bie \u015fi a materialelor didactice aferente; managementul clasei \u00een activit\u0103\u021bile desf\u0103\u0219urate; participare la evenimentele sportive ale \u0219colii (competi\u021bii, excursii, tabere, etc).&nbsp; &nbsp; &nbsp; &nbsp; &nbsp; &nbsp; &nbsp; &nbsp; &nbsp; [&hellip;]\" \/>\n<meta property=\"og:url\" content=\"https:\/\/www.avenor.ro\/en\/careers\/profesor-educatie-fizica-si-sport\/\" \/>\n<meta property=\"og:site_name\" content=\"Avenor\" \/>\n<meta property=\"article:modified_time\" content=\"2025-03-04T13:32:53+00:00\" \/>\n<meta property=\"og:image\" content=\"https:\/\/www.avenor.ro\/wp-content\/uploads\/2024\/10\/Banner-Cariere-eng-scaled.jpg\" \/>\n<meta name=\"twitter:card\" content=\"summary_large_image\" \/>\n<meta name=\"twitter:label1\" content=\"Est. reading time\" \/>\n\t<meta name=\"twitter:data1\" content=\"3 minutes\" \/>\n<script type=\"application\/ld+json\" class=\"yoast-schema-graph\">{\"@context\":\"https:\\\/\\\/schema.org\",\"@graph\":[{\"@type\":\"WebPage\",\"@id\":\"https:\\\/\\\/www.avenor.ro\\\/en\\\/careers\\\/profesor-educatie-fizica-si-sport\\\/\",\"url\":\"https:\\\/\\\/www.avenor.ro\\\/en\\\/careers\\\/profesor-educatie-fizica-si-sport\\\/\",\"name\":\"Profesor Educa\u021bie Fizic\u0103 \u0219i Sport - Avenor\",\"isPartOf\":{\"@id\":\"https:\\\/\\\/www.avenor.ro\\\/en\\\/#website\"},\"primaryImageOfPage\":{\"@id\":\"https:\\\/\\\/www.avenor.ro\\\/en\\\/careers\\\/profesor-educatie-fizica-si-sport\\\/#primaryimage\"},\"image\":{\"@id\":\"https:\\\/\\\/www.avenor.ro\\\/en\\\/careers\\\/profesor-educatie-fizica-si-sport\\\/#primaryimage\"},\"thumbnailUrl\":\"https:\\\/\\\/www.avenor.ro\\\/wp-content\\\/uploads\\\/2024\\\/10\\\/Banner-Cariere-eng-scaled.jpg\",\"datePublished\":\"2025-01-28T18:47:36+00:00\",\"dateModified\":\"2025-03-04T13:32:53+00:00\",\"breadcrumb\":{\"@id\":\"https:\\\/\\\/www.avenor.ro\\\/en\\\/careers\\\/profesor-educatie-fizica-si-sport\\\/#breadcrumb\"},\"inLanguage\":\"en-US\",\"potentialAction\":[{\"@type\":\"ReadAction\",\"target\":[\"https:\\\/\\\/www.avenor.ro\\\/en\\\/careers\\\/profesor-educatie-fizica-si-sport\\\/\"]}]},{\"@type\":\"ImageObject\",\"inLanguage\":\"en-US\",\"@id\":\"https:\\\/\\\/www.avenor.ro\\\/en\\\/careers\\\/profesor-educatie-fizica-si-sport\\\/#primaryimage\",\"url\":\"https:\\\/\\\/www.avenor.ro\\\/wp-content\\\/uploads\\\/2024\\\/10\\\/Banner-Cariere-eng-scaled.jpg\",\"contentUrl\":\"https:\\\/\\\/www.avenor.ro\\\/wp-content\\\/uploads\\\/2024\\\/10\\\/Banner-Cariere-eng-scaled.jpg\"},{\"@type\":\"BreadcrumbList\",\"@id\":\"https:\\\/\\\/www.avenor.ro\\\/en\\\/careers\\\/profesor-educatie-fizica-si-sport\\\/#breadcrumb\",\"itemListElement\":[{\"@type\":\"ListItem\",\"position\":1,\"name\":\"Careers\",\"item\":\"https:\\\/\\\/www.avenor.ro\\\/en\\\/cariere\\\/\"},{\"@type\":\"ListItem\",\"position\":2,\"name\":\"Profesor Educa\u021bie Fizic\u0103 \u0219i Sport\"}]},{\"@type\":\"WebSite\",\"@id\":\"https:\\\/\\\/www.avenor.ro\\\/en\\\/#website\",\"url\":\"https:\\\/\\\/www.avenor.ro\\\/en\\\/\",\"name\":\"Avenor\",\"description\":\"Avenor\",\"publisher\":{\"@id\":\"https:\\\/\\\/www.avenor.ro\\\/en\\\/#organization\"},\"potentialAction\":[{\"@type\":\"SearchAction\",\"target\":{\"@type\":\"EntryPoint\",\"urlTemplate\":\"https:\\\/\\\/www.avenor.ro\\\/en\\\/?s={search_term_string}\"},\"query-input\":{\"@type\":\"PropertyValueSpecification\",\"valueRequired\":true,\"valueName\":\"search_term_string\"}}],\"inLanguage\":\"en-US\"},{\"@type\":\"Organization\",\"@id\":\"https:\\\/\\\/www.avenor.ro\\\/en\\\/#organization\",\"name\":\"Avenor\",\"alternateName\":\"Avenor\",\"url\":\"https:\\\/\\\/www.avenor.ro\\\/en\\\/\",\"logo\":{\"@type\":\"ImageObject\",\"inLanguage\":\"en-US\",\"@id\":\"https:\\\/\\\/www.avenor.ro\\\/en\\\/#\\\/schema\\\/logo\\\/image\\\/\",\"url\":\"https:\\\/\\\/www.avenor.ro\\\/wp-content\\\/uploads\\\/2026\\\/04\\\/logo-avenor.png\",\"contentUrl\":\"https:\\\/\\\/www.avenor.ro\\\/wp-content\\\/uploads\\\/2026\\\/04\\\/logo-avenor.png\",\"width\":342,\"height\":152,\"caption\":\"Avenor\"},\"image\":{\"@id\":\"https:\\\/\\\/www.avenor.ro\\\/en\\\/#\\\/schema\\\/logo\\\/image\\\/\"}}]}<\/script>\n<!-- \/ Yoast SEO plugin. -->","yoast_head_json":{"title":"Profesor Educa\u021bie Fizic\u0103 \u0219i Sport - Avenor","robots":{"index":"index","follow":"follow","max-snippet":"max-snippet:-1","max-image-preview":"max-image-preview:large","max-video-preview":"max-video-preview:-1"},"canonical":"https:\/\/www.avenor.ro\/en\/careers\/profesor-educatie-fizica-si-sport\/","og_locale":"en_US","og_type":"article","og_title":"Profesor Educa\u021bie Fizic\u0103 \u0219i Sport - Avenor","og_description":"Profesor Educa\u021bie fizic\u0103 \u0219i sport Start date: August 2025&nbsp; Responsabilit\u0103\u021bi specifice postului de Profesor Educa\u021bie fizica si sport: sus\u021binerea activit\u0103\u021bilor instructiv-educative; preg\u0103tirea planific\u0103rilor, a planurilor de lec\u021bie \u015fi a materialelor didactice aferente; managementul clasei \u00een activit\u0103\u021bile desf\u0103\u0219urate; participare la evenimentele sportive ale \u0219colii (competi\u021bii, excursii, tabere, etc).&nbsp; &nbsp; &nbsp; &nbsp; &nbsp; &nbsp; &nbsp; &nbsp; &nbsp; [&hellip;]","og_url":"https:\/\/www.avenor.ro\/en\/careers\/profesor-educatie-fizica-si-sport\/","og_site_name":"Avenor","article_modified_time":"2025-03-04T13:32:53+00:00","og_image":[{"url":"https:\/\/www.avenor.ro\/wp-content\/uploads\/2024\/10\/Banner-Cariere-eng-scaled.jpg","type":"","width":"","height":""}],"twitter_card":"summary_large_image","twitter_misc":{"Est. reading time":"3 minutes"},"schema":{"@context":"https:\/\/schema.org","@graph":[{"@type":"WebPage","@id":"https:\/\/www.avenor.ro\/en\/careers\/profesor-educatie-fizica-si-sport\/","url":"https:\/\/www.avenor.ro\/en\/careers\/profesor-educatie-fizica-si-sport\/","name":"Profesor Educa\u021bie Fizic\u0103 \u0219i Sport - Avenor","isPartOf":{"@id":"https:\/\/www.avenor.ro\/en\/#website"},"primaryImageOfPage":{"@id":"https:\/\/www.avenor.ro\/en\/careers\/profesor-educatie-fizica-si-sport\/#primaryimage"},"image":{"@id":"https:\/\/www.avenor.ro\/en\/careers\/profesor-educatie-fizica-si-sport\/#primaryimage"},"thumbnailUrl":"https:\/\/www.avenor.ro\/wp-content\/uploads\/2024\/10\/Banner-Cariere-eng-scaled.jpg","datePublished":"2025-01-28T18:47:36+00:00","dateModified":"2025-03-04T13:32:53+00:00","breadcrumb":{"@id":"https:\/\/www.avenor.ro\/en\/careers\/profesor-educatie-fizica-si-sport\/#breadcrumb"},"inLanguage":"en-US","potentialAction":[{"@type":"ReadAction","target":["https:\/\/www.avenor.ro\/en\/careers\/profesor-educatie-fizica-si-sport\/"]}]},{"@type":"ImageObject","inLanguage":"en-US","@id":"https:\/\/www.avenor.ro\/en\/careers\/profesor-educatie-fizica-si-sport\/#primaryimage","url":"https:\/\/www.avenor.ro\/wp-content\/uploads\/2024\/10\/Banner-Cariere-eng-scaled.jpg","contentUrl":"https:\/\/www.avenor.ro\/wp-content\/uploads\/2024\/10\/Banner-Cariere-eng-scaled.jpg"},{"@type":"BreadcrumbList","@id":"https:\/\/www.avenor.ro\/en\/careers\/profesor-educatie-fizica-si-sport\/#breadcrumb","itemListElement":[{"@type":"ListItem","position":1,"name":"Careers","item":"https:\/\/www.avenor.ro\/en\/cariere\/"},{"@type":"ListItem","position":2,"name":"Profesor Educa\u021bie Fizic\u0103 \u0219i Sport"}]},{"@type":"WebSite","@id":"https:\/\/www.avenor.ro\/en\/#website","url":"https:\/\/www.avenor.ro\/en\/","name":"Avenor","description":"Avenor","publisher":{"@id":"https:\/\/www.avenor.ro\/en\/#organization"},"potentialAction":[{"@type":"SearchAction","target":{"@type":"EntryPoint","urlTemplate":"https:\/\/www.avenor.ro\/en\/?s={search_term_string}"},"query-input":{"@type":"PropertyValueSpecification","valueRequired":true,"valueName":"search_term_string"}}],"inLanguage":"en-US"},{"@type":"Organization","@id":"https:\/\/www.avenor.ro\/en\/#organization","name":"Avenor","alternateName":"Avenor","url":"https:\/\/www.avenor.ro\/en\/","logo":{"@type":"ImageObject","inLanguage":"en-US","@id":"https:\/\/www.avenor.ro\/en\/#\/schema\/logo\/image\/","url":"https:\/\/www.avenor.ro\/wp-content\/uploads\/2026\/04\/logo-avenor.png","contentUrl":"https:\/\/www.avenor.ro\/wp-content\/uploads\/2026\/04\/logo-avenor.png","width":342,"height":152,"caption":"Avenor"},"image":{"@id":"https:\/\/www.avenor.ro\/en\/#\/schema\/logo\/image\/"}}]}},"_links":{"self":[{"href":"https:\/\/www.avenor.ro\/en\/wp-json\/wp\/v2\/pages\/39871","targetHints":{"allow":["GET"]}}],"collection":[{"href":"https:\/\/www.avenor.ro\/en\/wp-json\/wp\/v2\/pages"}],"about":[{"href":"https:\/\/www.avenor.ro\/en\/wp-json\/wp\/v2\/types\/page"}],"author":[{"embeddable":true,"href":"https:\/\/www.avenor.ro\/en\/wp-json\/wp\/v2\/users\/86"}],"replies":[{"embeddable":true,"href":"https:\/\/www.avenor.ro\/en\/wp-json\/wp\/v2\/comments?post=39871"}],"version-history":[{"count":4,"href":"https:\/\/www.avenor.ro\/en\/wp-json\/wp\/v2\/pages\/39871\/revisions"}],"predecessor-version":[{"id":40232,"href":"https:\/\/www.avenor.ro\/en\/wp-json\/wp\/v2\/pages\/39871\/revisions\/40232"}],"up":[{"embeddable":true,"href":"https:\/\/www.avenor.ro\/en\/wp-json\/wp\/v2\/pages\/12873"}],"wp:attachment":[{"href":"https:\/\/www.avenor.ro\/en\/wp-json\/wp\/v2\/media?parent=39871"}],"curies":[{"name":"wp","href":"https:\/\/api.w.org\/{rel}","templated":true}]}}